{"id":13626,"date":"2021-01-15T17:41:00","date_gmt":"2021-01-15T09:41:00","guid":{"rendered":"https:\/\/www.wo-olley.com\/preguntas-mas-frecuentes\/"},"modified":"2024-06-16T16:39:35","modified_gmt":"2024-06-16T08:39:35","slug":"preguntas-mas-frecuentes","status":"publish","type":"page","link":"https:\/\/www.wo-olley.com\/es\/preguntas-mas-frecuentes\/","title":{"rendered":"Preguntas m\u00e1s frecuentes"},"content":{"rendered":"\t\t<div data-elementor-type=\"wp-page\" data-elementor-id=\"13626\" class=\"elementor elementor-13626 elementor-9140\">\n\t\t\t\t\t\t<section class=\"elementor-section elementor-top-section elementor-element elementor-element-30fd131 elementor-reverse-mobile elementor-section-boxed elementor-section-height-default elementor-section-height-default\" data-id=\"30fd131\" data-element_type=\"section\">\n\t\t\t\t\t\t<div class=\"elementor-container elementor-column-gap-default\">\n\t\t\t\t\t<div class=\"elementor-column elementor-col-100 elementor-top-column elementor-element elementor-element-47d0168\" data-id=\"47d0168\" data-element_type=\"column\">\n\t\t\t<div class=\"elementor-widget-wrap elementor-element-populated\">\n\t\t\t\t\t\t<section class=\"elementor-section elementor-inner-section elementor-element elementor-element-9fcd29a elementor-section-boxed elementor-section-height-default elementor-section-height-default\" data-id=\"9fcd29a\" data-element_type=\"section\">\n\t\t\t\t\t\t<div class=\"elementor-container elementor-column-gap-default\">\n\t\t\t\t\t<div class=\"elementor-column elementor-col-50 elementor-inner-column elementor-element elementor-element-5a3aa2a elementor-hidden-tablet\" data-id=\"5a3aa2a\" data-element_type=\"column\">\n\t\t\t<div class=\"elementor-widget-wrap elementor-element-populated\">\n\t\t\t\t\t\t<div class=\"elementor-element elementor-element-0dff54d elementor-widget elementor-widget-ld_fancy_image\" data-id=\"0dff54d\" data-element_type=\"widget\" data-widget_type=\"ld_fancy_image.default\">\n\t\t\t\t<div class=\"elementor-widget-container\">\n\t\t\t\t\t\n\t\t<div class=\"lqd-imggrp-single d-block pos-rel \">\n\t\t\t<div class=\"lqd-imggrp-img-container d-inline-flex pos-rel align-items-center justify-content-center \">\n\t\t\t\t\t\t\t\t<figure class=\"w-100 pos-rel\">\n\t\t\t\t\t<img fetchpriority=\"high\" decoding=\"async\" width=\"944\" height=\"848\" src=\"https:\/\/www.wo-olley.com\/wp-content\/uploads\/2024\/01\/3D-Man@2x.png\" class=\"attachment-full size-full wp-image-10475\" alt=\"\" srcset=\"https:\/\/www.wo-olley.com\/wp-content\/uploads\/2024\/01\/3D-Man@2x.png 944w, https:\/\/www.wo-olley.com\/wp-content\/uploads\/2024\/01\/3D-Man@2x-300x269.png 300w\" sizes=\"(max-width: 944px) 100vw, 944px\" itemprop=\"image\" \/>\t\t\t\t\t\t\t\t\t\t\t\t\t\t\t\t\t\t\t\t\t\t\t\t\t\t\t\t\t<\/figure>\n\t\t\t<\/div>\n\t\t<\/div>\n\n\t\t\t\t\t<\/div>\n\t\t\t\t<\/div>\n\t\t\t\t\t<\/div>\n\t\t<\/div>\n\t\t\t\t<div class=\"elementor-column elementor-col-50 elementor-inner-column elementor-element elementor-element-1dff820\" data-id=\"1dff820\" data-element_type=\"column\">\n\t\t\t<div class=\"elementor-widget-wrap elementor-element-populated\">\n\t\t\t\t\t\t<div class=\"elementor-element elementor-element-685a6bb elementor-widget elementor-widget-ld_accordion\" data-id=\"685a6bb\" data-element_type=\"widget\" data-widget_type=\"ld_accordion.default\">\n\t\t\t\t<div class=\"elementor-widget-container\">\n\t\t\t\t\t\n\t\t<div class=\"accordion accordion-sm accordion-side-spacing accordion-title-bg-transparent accordion-active-has-fill\" id=\"accordion-69f4ae5c7da3b\" role=\"tablist\" aria-multiselectable=\"true\">\n\t\t\t\t\t\t\t\t\t\t\t\t<div class=\"accordion-item panel  active\">\n\n\t\t\t\t<div class=\"accordion-heading\" role=\"tab\" id=\"heading-1091\">\n\t\t\t\t<h4 class=\"accordion-title  tabindex=\"-1\">\t\t\t\t\t<a class=\"\" role=\"button\" data-toggle=\"collapse\" data-bs-toggle=\"collapse\"\n                    tabindex=\"0\"\n\t\t\t\t\tdata-parent=\"#accordion-69f4ae5c7da3b\" data-bs-parent=\"#accordion-69f4ae5c7da3b\" href=\"#collapse-1091\" data-target=\"#collapse-1091\" data-bs-target=\"#collapse-1091\"\n\t\t\t\t\taria-expanded=\"true\" aria-controls=\"collapse-1091\">\n\t\t\t\t\t\t\t\t\t\t\t\t<span class=\"accordion-title-txt\">\u00bfPor qu\u00e9 es necesaria la actualizaci\u00f3n Fast PBL?<\/span>\n\t\t\t\t\t\t\t\t\t\t\t\t\t<span class=\"accordion-expander\"><i class=\"lqd-icn-ess icon-ion-ios-arrow-down\"><\/i><i class=\"lqd-icn-ess icon-ion-ios-arrow-up\"><\/i><\/span>\t\t\t\t\t\t\t\t\t\t\t<\/a>\n\t\t\t\t<\/h4>\t\t\t\t<\/div>\n\n\t\t\t\t<div id=\"collapse-1091\" class=\"accordion-collapse collapse  show\" data-bs-parent=\"#accordion-69f4ae5c7da3b\" role=\"tabpanel\" aria-labelledby=\"heading-1091\">\n\n\t\t\t\t<div class=\"accordion-content\">\n\t\t\t\t\t<p>Los nuevos desarrollos de laminados requieren la actualizaci\u00f3n Fast PBL para mantener la calidad. Utilizar PBL como ABL causa problemas, compromete la calidad del tubo y aumenta las tasas de rechazo y los costos.<\/p>\t\t\t\t<\/div>\n\n\t\t\t\t<\/div>\n\n\t\t\t<\/div>\n\t\t\t\t\t\t\t\t\t<div class=\"accordion-item panel \">\n\n\t\t\t\t<div class=\"accordion-heading\" role=\"tab\" id=\"heading-1092\">\n\t\t\t\t<h4 class=\"accordion-title  tabindex=\"-1\">\t\t\t\t\t<a class=\"collapsed\" role=\"button\" data-toggle=\"collapse\" data-bs-toggle=\"collapse\"\n                    tabindex=\"0\"\n\t\t\t\t\tdata-parent=\"#accordion-69f4ae5c7da3b\" data-bs-parent=\"#accordion-69f4ae5c7da3b\" href=\"#collapse-1092\" data-target=\"#collapse-1092\" data-bs-target=\"#collapse-1092\"\n\t\t\t\t\taria-expanded=\"false\" aria-controls=\"collapse-1092\">\n\t\t\t\t\t\t\t\t\t\t\t\t<span class=\"accordion-title-txt\">\u00bfEs usted fabricante?<\/span>\n\t\t\t\t\t\t\t\t\t\t\t\t\t<span class=\"accordion-expander\"><i class=\"lqd-icn-ess icon-ion-ios-arrow-down\"><\/i><i class=\"lqd-icn-ess icon-ion-ios-arrow-up\"><\/i><\/span>\t\t\t\t\t\t\t\t\t\t\t<\/a>\n\t\t\t\t<\/h4>\t\t\t\t<\/div>\n\n\t\t\t\t<div id=\"collapse-1092\" class=\"accordion-collapse collapse \" data-bs-parent=\"#accordion-69f4ae5c7da3b\" role=\"tabpanel\" aria-labelledby=\"heading-1092\">\n\n\t\t\t\t<div class=\"accordion-content\">\n\t\t\t\t\t<p>S\u00ed, somos el fabricante.<\/p>\t\t\t\t<\/div>\n\n\t\t\t\t<\/div>\n\n\t\t\t<\/div>\n\t\t\t\t\t\t\t\t\t<div class=\"accordion-item panel \">\n\n\t\t\t\t<div class=\"accordion-heading\" role=\"tab\" id=\"heading-1093\">\n\t\t\t\t<h4 class=\"accordion-title  tabindex=\"-1\">\t\t\t\t\t<a class=\"collapsed\" role=\"button\" data-toggle=\"collapse\" data-bs-toggle=\"collapse\"\n                    tabindex=\"0\"\n\t\t\t\t\tdata-parent=\"#accordion-69f4ae5c7da3b\" data-bs-parent=\"#accordion-69f4ae5c7da3b\" href=\"#collapse-1093\" data-target=\"#collapse-1093\" data-bs-target=\"#collapse-1093\"\n\t\t\t\t\taria-expanded=\"false\" aria-controls=\"collapse-1093\">\n\t\t\t\t\t\t\t\t\t\t\t\t<span class=\"accordion-title-txt\">\u00bfQu\u00e9 informaci\u00f3n debe proporcionar el cliente para obtener una cotizaci\u00f3n precisa de nuestra parte?  <\/span>\n\t\t\t\t\t\t\t\t\t\t\t\t\t<span class=\"accordion-expander\"><i class=\"lqd-icn-ess icon-ion-ios-arrow-down\"><\/i><i class=\"lqd-icn-ess icon-ion-ios-arrow-up\"><\/i><\/span>\t\t\t\t\t\t\t\t\t\t\t<\/a>\n\t\t\t\t<\/h4>\t\t\t\t<\/div>\n\n\t\t\t\t<div id=\"collapse-1093\" class=\"accordion-collapse collapse \" data-bs-parent=\"#accordion-69f4ae5c7da3b\" role=\"tabpanel\" aria-labelledby=\"heading-1093\">\n\n\t\t\t\t<div class=\"accordion-content\">\n\t\t\t\t\t<p>El cliente debe proporcionar los requisitos t\u00e9cnicos relacionados, dibujos, im\u00e1genes, voltaje industrial, producci\u00f3n planificada, etc.<\/p>\t\t\t\t<\/div>\n\n\t\t\t\t<\/div>\n\n\t\t\t<\/div>\n\t\t\t\t\t\t\t\t\t<div class=\"accordion-item panel \">\n\n\t\t\t\t<div class=\"accordion-heading\" role=\"tab\" id=\"heading-1094\">\n\t\t\t\t<h4 class=\"accordion-title  tabindex=\"-1\">\t\t\t\t\t<a class=\"collapsed\" role=\"button\" data-toggle=\"collapse\" data-bs-toggle=\"collapse\"\n                    tabindex=\"0\"\n\t\t\t\t\tdata-parent=\"#accordion-69f4ae5c7da3b\" data-bs-parent=\"#accordion-69f4ae5c7da3b\" href=\"#collapse-1094\" data-target=\"#collapse-1094\" data-bs-target=\"#collapse-1094\"\n\t\t\t\t\taria-expanded=\"false\" aria-controls=\"collapse-1094\">\n\t\t\t\t\t\t\t\t\t\t\t\t<span class=\"accordion-title-txt\">\u00bfCu\u00e1l es el plazo de pago?<\/span>\n\t\t\t\t\t\t\t\t\t\t\t\t\t<span class=\"accordion-expander\"><i class=\"lqd-icn-ess icon-ion-ios-arrow-down\"><\/i><i class=\"lqd-icn-ess icon-ion-ios-arrow-up\"><\/i><\/span>\t\t\t\t\t\t\t\t\t\t\t<\/a>\n\t\t\t\t<\/h4>\t\t\t\t<\/div>\n\n\t\t\t\t<div id=\"collapse-1094\" class=\"accordion-collapse collapse \" data-bs-parent=\"#accordion-69f4ae5c7da3b\" role=\"tabpanel\" aria-labelledby=\"heading-1094\">\n\n\t\t\t\t<div class=\"accordion-content\">\n\t\t\t\t\t<p>El plazo de pago es un pago inicial del 30% y un 70% antes del env\u00edo (modo T\/T), tambi\u00e9n aceptamos otros plazos de pago, como L\/C, DA, D\/P, etc.<\/p>\t\t\t\t<\/div>\n\n\t\t\t\t<\/div>\n\n\t\t\t<\/div>\n\t\t\t\t\t\t\t\t\t<div class=\"accordion-item panel \">\n\n\t\t\t\t<div class=\"accordion-heading\" role=\"tab\" id=\"heading-1095\">\n\t\t\t\t<h4 class=\"accordion-title  tabindex=\"-1\">\t\t\t\t\t<a class=\"collapsed\" role=\"button\" data-toggle=\"collapse\" data-bs-toggle=\"collapse\"\n                    tabindex=\"0\"\n\t\t\t\t\tdata-parent=\"#accordion-69f4ae5c7da3b\" data-bs-parent=\"#accordion-69f4ae5c7da3b\" href=\"#collapse-1095\" data-target=\"#collapse-1095\" data-bs-target=\"#collapse-1095\"\n\t\t\t\t\taria-expanded=\"false\" aria-controls=\"collapse-1095\">\n\t\t\t\t\t\t\t\t\t\t\t\t<span class=\"accordion-title-txt\">\u00bfCu\u00e1nto dura el per\u00edodo de garant\u00eda de su m\u00e1quina?<\/span>\n\t\t\t\t\t\t\t\t\t\t\t\t\t<span class=\"accordion-expander\"><i class=\"lqd-icn-ess icon-ion-ios-arrow-down\"><\/i><i class=\"lqd-icn-ess icon-ion-ios-arrow-up\"><\/i><\/span>\t\t\t\t\t\t\t\t\t\t\t<\/a>\n\t\t\t\t<\/h4>\t\t\t\t<\/div>\n\n\t\t\t\t<div id=\"collapse-1095\" class=\"accordion-collapse collapse \" data-bs-parent=\"#accordion-69f4ae5c7da3b\" role=\"tabpanel\" aria-labelledby=\"heading-1095\">\n\n\t\t\t\t<div class=\"accordion-content\">\n\t\t\t\t\t<p>Todas nuestras m\u00e1quinas tienen un a\u00f1o de garant\u00eda, a partir de la instalaci\u00f3n finalizada.<\/p>\t\t\t\t<\/div>\n\n\t\t\t\t<\/div>\n\n\t\t\t<\/div>\n\t\t\t\t\t\t\t\t\t<div class=\"accordion-item panel \">\n\n\t\t\t\t<div class=\"accordion-heading\" role=\"tab\" id=\"heading-1096\">\n\t\t\t\t<h4 class=\"accordion-title  tabindex=\"-1\">\t\t\t\t\t<a class=\"collapsed\" role=\"button\" data-toggle=\"collapse\" data-bs-toggle=\"collapse\"\n                    tabindex=\"0\"\n\t\t\t\t\tdata-parent=\"#accordion-69f4ae5c7da3b\" data-bs-parent=\"#accordion-69f4ae5c7da3b\" href=\"#collapse-1096\" data-target=\"#collapse-1096\" data-bs-target=\"#collapse-1096\"\n\t\t\t\t\taria-expanded=\"false\" aria-controls=\"collapse-1096\">\n\t\t\t\t\t\t\t\t\t\t\t\t<span class=\"accordion-title-txt\">\u00bfC\u00f3mo podr\u00edamos hacerlo despu\u00e9s del per\u00edodo de garant\u00eda de un a\u00f1o?<\/span>\n\t\t\t\t\t\t\t\t\t\t\t\t\t<span class=\"accordion-expander\"><i class=\"lqd-icn-ess icon-ion-ios-arrow-down\"><\/i><i class=\"lqd-icn-ess icon-ion-ios-arrow-up\"><\/i><\/span>\t\t\t\t\t\t\t\t\t\t\t<\/a>\n\t\t\t\t<\/h4>\t\t\t\t<\/div>\n\n\t\t\t\t<div id=\"collapse-1096\" class=\"accordion-collapse collapse \" data-bs-parent=\"#accordion-69f4ae5c7da3b\" role=\"tabpanel\" aria-labelledby=\"heading-1096\">\n\n\t\t\t\t<div class=\"accordion-content\">\n\t\t\t\t\t<p>Tambi\u00e9n podemos brindarle servicio, pero necesita pagarle un salario a mi t\u00e9cnico de 80 USD por d\u00eda.<\/p>\t\t\t\t<\/div>\n\n\t\t\t\t<\/div>\n\n\t\t\t<\/div>\n\t\t\t\t\t\t\t\t\t<div class=\"accordion-item panel \">\n\n\t\t\t\t<div class=\"accordion-heading\" role=\"tab\" id=\"heading-1097\">\n\t\t\t\t<h4 class=\"accordion-title  tabindex=\"-1\">\t\t\t\t\t<a class=\"collapsed\" role=\"button\" data-toggle=\"collapse\" data-bs-toggle=\"collapse\"\n                    tabindex=\"0\"\n\t\t\t\t\tdata-parent=\"#accordion-69f4ae5c7da3b\" data-bs-parent=\"#accordion-69f4ae5c7da3b\" href=\"#collapse-1097\" data-target=\"#collapse-1097\" data-bs-target=\"#collapse-1097\"\n\t\t\t\t\taria-expanded=\"false\" aria-controls=\"collapse-1097\">\n\t\t\t\t\t\t\t\t\t\t\t\t<span class=\"accordion-title-txt\">\u00bfC\u00f3mo podr\u00edamos hacer si las piezas se rompen dentro de la garant\u00eda?<\/span>\n\t\t\t\t\t\t\t\t\t\t\t\t\t<span class=\"accordion-expander\"><i class=\"lqd-icn-ess icon-ion-ios-arrow-down\"><\/i><i class=\"lqd-icn-ess icon-ion-ios-arrow-up\"><\/i><\/span>\t\t\t\t\t\t\t\t\t\t\t<\/a>\n\t\t\t\t<\/h4>\t\t\t\t<\/div>\n\n\t\t\t\t<div id=\"collapse-1097\" class=\"accordion-collapse collapse \" data-bs-parent=\"#accordion-69f4ae5c7da3b\" role=\"tabpanel\" aria-labelledby=\"heading-1097\">\n\n\t\t\t\t<div class=\"accordion-content\">\n\t\t\t\t\t<p>Expresar\u00edamos las piezas de repuesto gratuitas durante la fecha de garant\u00eda.<\/p>\t\t\t\t<\/div>\n\n\t\t\t\t<\/div>\n\n\t\t\t<\/div>\n\t\t\t\t\t\t\t\t\t<div class=\"accordion-item panel \">\n\n\t\t\t\t<div class=\"accordion-heading\" role=\"tab\" id=\"heading-1098\">\n\t\t\t\t<h4 class=\"accordion-title  tabindex=\"-1\">\t\t\t\t\t<a class=\"collapsed\" role=\"button\" data-toggle=\"collapse\" data-bs-toggle=\"collapse\"\n                    tabindex=\"0\"\n\t\t\t\t\tdata-parent=\"#accordion-69f4ae5c7da3b\" data-bs-parent=\"#accordion-69f4ae5c7da3b\" href=\"#collapse-1098\" data-target=\"#collapse-1098\" data-bs-target=\"#collapse-1098\"\n\t\t\t\t\taria-expanded=\"false\" aria-controls=\"collapse-1098\">\n\t\t\t\t\t\t\t\t\t\t\t\t<span class=\"accordion-title-txt\">\u00bfC\u00f3mo solucionamos el problema de la m\u00e1quina despu\u00e9s de que se vaya su ingeniero?<\/span>\n\t\t\t\t\t\t\t\t\t\t\t\t\t<span class=\"accordion-expander\"><i class=\"lqd-icn-ess icon-ion-ios-arrow-down\"><\/i><i class=\"lqd-icn-ess icon-ion-ios-arrow-up\"><\/i><\/span>\t\t\t\t\t\t\t\t\t\t\t<\/a>\n\t\t\t\t<\/h4>\t\t\t\t<\/div>\n\n\t\t\t\t<div id=\"collapse-1098\" class=\"accordion-collapse collapse \" data-bs-parent=\"#accordion-69f4ae5c7da3b\" role=\"tabpanel\" aria-labelledby=\"heading-1098\">\n\n\t\t\t\t<div class=\"accordion-content\">\n\t\t\t\t\t<p>En t\u00e9rminos generales, no habr\u00e1 ning\u00fan problema una vez finalizada la instalaci\u00f3n. Por si tienes alg\u00fan problema. Puede ponerse en contacto con nuestro especialista de posventa en cualquier momento. Nuestro departamento de posventa cuenta con 30 ingenieros. Nuestros ingenieros grabar\u00e1n un video de la soluci\u00f3n de acuerdo con su descripci\u00f3n.<\/p>\t\t\t\t<\/div>\n\n\t\t\t\t<\/div>\n\n\t\t\t<\/div>\n\t\t\t\t\t\t\t\t\t\t<script type=\"application\/ld+json\">{\"@context\":\"https:\\\/\\\/schema.org\",\"@type\":\"FAQPage\",\"mainEntity\":[{\"@type\":\"Question\",\"name\":\"\\u00bfPor qu\\u00e9 es necesaria la actualizaci\\u00f3n Fast PBL?\",\"acceptedAnswer\":{\"@type\":\"Answer\",\"text\":\"Los nuevos desarrollos de laminados requieren la actualizacin Fast PBL para mantener la calidad. Utilizar PBL como ABL causa problemas, compromete la calidad del tubo y aumenta las tasas de rechazo y los costos.\"}},{\"@type\":\"Question\",\"name\":\"\\u00bfEs usted fabricante?\",\"acceptedAnswer\":{\"@type\":\"Answer\",\"text\":\"S, somos el fabricante.\"}},{\"@type\":\"Question\",\"name\":\"\\u00bfQu\\u00e9 informaci\\u00f3n debe proporcionar el cliente para obtener una cotizaci\\u00f3n precisa de nuestra parte?\",\"acceptedAnswer\":{\"@type\":\"Answer\",\"text\":\"El cliente debe proporcionar los requisitos tcnicos relacionados, dibujos, imgenes, voltaje industrial, produccin planificada, etc.\"}},{\"@type\":\"Question\",\"name\":\"\\u00bfCu\\u00e1l es el plazo de pago?\",\"acceptedAnswer\":{\"@type\":\"Answer\",\"text\":\"El plazo de pago es un pago inicial del 30% y un 70% antes del envo (modo T\\\/T), tambin aceptamos otros plazos de pago, como L\\\/C, DA, D\\\/P, etc.\"}},{\"@type\":\"Question\",\"name\":\"\\u00bfCu\\u00e1nto dura el per\\u00edodo de garant\\u00eda de su m\\u00e1quina?\",\"acceptedAnswer\":{\"@type\":\"Answer\",\"text\":\"Todas nuestras mquinas tienen un ao de garanta, a partir de la instalacin finalizada.\"}},{\"@type\":\"Question\",\"name\":\"\\u00bfC\\u00f3mo podr\\u00edamos hacerlo despu\\u00e9s del per\\u00edodo de garant\\u00eda de un a\\u00f1o?\",\"acceptedAnswer\":{\"@type\":\"Answer\",\"text\":\"Tambin podemos brindarle servicio, pero necesita pagarle un salario a mi tcnico de 80 USD por da.\"}},{\"@type\":\"Question\",\"name\":\"\\u00bfC\\u00f3mo podr\\u00edamos hacer si las piezas se rompen dentro de la garant\\u00eda?\",\"acceptedAnswer\":{\"@type\":\"Answer\",\"text\":\"Expresaramos las piezas de repuesto gratuitas durante la fecha de garanta.\"}},{\"@type\":\"Question\",\"name\":\"\\u00bfC\\u00f3mo solucionamos el problema de la m\\u00e1quina despu\\u00e9s de que se vaya su ingeniero?\",\"acceptedAnswer\":{\"@type\":\"Answer\",\"text\":\"En trminos generales, no habr ningn problema una vez finalizada la instalacin. Por si tienes algn problema. Puede ponerse en contacto con nuestro especialista de posventa en cualquier momento. Nuestro departamento de posventa cuenta con 30 ingenieros. Nuestros ingenieros grabarn un video de la solucin de acuerdo con su descripcin.\"}}]}<\/script>\n\t\t\t\n\t\t<\/div>\n\n\t\t\t\t\t\t<\/div>\n\t\t\t\t<\/div>\n\t\t\t\t\t<\/div>\n\t\t<\/div>\n\t\t\t\t\t<\/div>\n\t\t<\/section>\n\t\t\t\t\t<\/div>\n\t\t<\/div>\n\t\t\t\t\t<\/div>\n\t\t<\/section>\n\t\t\t\t<\/div>\n\t\t","protected":false},"excerpt":{"rendered":"<p>\u00bfEs usted fabricante? S\u00ed, somos el fabricante. \u00bfCu\u00e1l es el plazo de pago? El plazo de pago es un pago inicial del 30% y un 70% antes del env\u00edo (modo T\/T), tambi\u00e9n aceptamos otros plazos de pago, como L\/C, DA, D\/P, etc. \u00bfC\u00f3mo podr\u00edamos hacerlo despu\u00e9s del per\u00edodo de garant\u00eda de un a\u00f1o? Tambi\u00e9n podemos [&hellip;]<\/p>\n","protected":false},"author":1,"featured_media":0,"parent":0,"menu_order":0,"comment_status":"closed","ping_status":"closed","template":"","meta":{"footnotes":""},"class_list":["post-13626","page","type-page","status-publish","hentry"],"yoast_head":"<!-- This site is optimized with the Yoast SEO plugin v25.9 - https:\/\/yoast.com\/wordpress\/plugins\/seo\/ -->\n<title>Preguntas m\u00e1s frecuentes - Woolley<\/title>\n<meta name=\"description\" content=\"Preguntas m\u00e1s frecuentes\" \/>\n<meta name=\"robots\" content=\"index, follow, max-snippet:-1, max-image-preview:large, max-video-preview:-1\" \/>\n<link rel=\"canonical\" href=\"https:\/\/www.wo-olley.com\/es\/preguntas-mas-frecuentes\/\" \/>\n<meta property=\"og:locale\" content=\"es_ES\" \/>\n<meta property=\"og:type\" content=\"article\" \/>\n<meta property=\"og:title\" content=\"Preguntas m\u00e1s frecuentes - Woolley\" \/>\n<meta property=\"og:description\" content=\"Preguntas m\u00e1s frecuentes\" \/>\n<meta property=\"og:url\" content=\"https:\/\/www.wo-olley.com\/es\/preguntas-mas-frecuentes\/\" \/>\n<meta property=\"og:site_name\" content=\"Woolley\" \/>\n<meta property=\"article:modified_time\" content=\"2024-06-16T08:39:35+00:00\" \/>\n<meta name=\"twitter:card\" content=\"summary_large_image\" \/>\n<meta name=\"twitter:label1\" content=\"Tiempo de lectura\" \/>\n\t<meta name=\"twitter:data1\" content=\"1 minuto\" \/>\n<script type=\"application\/ld+json\" class=\"yoast-schema-graph\">{\"@context\":\"https:\/\/schema.org\",\"@graph\":[{\"@type\":\"WebPage\",\"@id\":\"https:\/\/www.wo-olley.com\/es\/preguntas-mas-frecuentes\/\",\"url\":\"https:\/\/www.wo-olley.com\/es\/preguntas-mas-frecuentes\/\",\"name\":\"Preguntas m\u00e1s frecuentes - Woolley\",\"isPartOf\":{\"@id\":\"https:\/\/www.wo-olley.com\/es\/#website\"},\"datePublished\":\"2021-01-15T09:41:00+00:00\",\"dateModified\":\"2024-06-16T08:39:35+00:00\",\"description\":\"Preguntas m\u00e1s frecuentes\",\"breadcrumb\":{\"@id\":\"https:\/\/www.wo-olley.com\/es\/preguntas-mas-frecuentes\/#breadcrumb\"},\"inLanguage\":\"es\",\"potentialAction\":[{\"@type\":\"ReadAction\",\"target\":[\"https:\/\/www.wo-olley.com\/es\/preguntas-mas-frecuentes\/\"]}]},{\"@type\":\"BreadcrumbList\",\"@id\":\"https:\/\/www.wo-olley.com\/es\/preguntas-mas-frecuentes\/#breadcrumb\",\"itemListElement\":[{\"@type\":\"ListItem\",\"position\":1,\"name\":\"\u9996\u9875\",\"item\":\"https:\/\/www.wo-olley.com\/es\/maquinaria-automatica-woolley-ltd\/\"},{\"@type\":\"ListItem\",\"position\":2,\"name\":\"Preguntas m\u00e1s frecuentes\"}]},{\"@type\":\"WebSite\",\"@id\":\"https:\/\/www.wo-olley.com\/es\/#website\",\"url\":\"https:\/\/www.wo-olley.com\/es\/\",\"name\":\"Woolley Automatic Machinery Ltd.(Shanghai)\",\"description\":\"Woolley factory production plastic extruder machine - laminatied machine - offset printing machine - cosmetic soft tube heading injection machine - screen printing machine -  filling machine and sealing machine product line supplier\",\"publisher\":{\"@id\":\"https:\/\/www.wo-olley.com\/es\/#organization\"},\"potentialAction\":[{\"@type\":\"SearchAction\",\"target\":{\"@type\":\"EntryPoint\",\"urlTemplate\":\"https:\/\/www.wo-olley.com\/es\/?s={search_term_string}\"},\"query-input\":{\"@type\":\"PropertyValueSpecification\",\"valueRequired\":true,\"valueName\":\"search_term_string\"}}],\"inLanguage\":\"es\"},{\"@type\":\"Organization\",\"@id\":\"https:\/\/www.wo-olley.com\/es\/#organization\",\"name\":\"Woolley Automatic Machinery Ltd.(Shanghai)\",\"url\":\"https:\/\/www.wo-olley.com\/es\/\",\"logo\":{\"@type\":\"ImageObject\",\"inLanguage\":\"es\",\"@id\":\"https:\/\/www.wo-olley.com\/es\/#\/schema\/logo\/image\/\",\"url\":\"https:\/\/www.wo-olley.com\/wp-content\/uploads\/2021\/05\/LOGO.png\",\"contentUrl\":\"https:\/\/www.wo-olley.com\/wp-content\/uploads\/2021\/05\/LOGO.png\",\"width\":921,\"height\":271,\"caption\":\"Woolley Automatic Machinery Ltd.(Shanghai)\"},\"image\":{\"@id\":\"https:\/\/www.wo-olley.com\/es\/#\/schema\/logo\/image\/\"},\"sameAs\":[\"https:\/\/www.youtube.com\/channel\/UCuxOp7sBrW5pIxuGQbA0NpQ\"]}]}<\/script>\n<!-- \/ Yoast SEO plugin. -->","yoast_head_json":{"title":"Preguntas m\u00e1s frecuentes - Woolley","description":"Preguntas m\u00e1s frecuentes","robots":{"index":"index","follow":"follow","max-snippet":"max-snippet:-1","max-image-preview":"max-image-preview:large","max-video-preview":"max-video-preview:-1"},"canonical":"https:\/\/www.wo-olley.com\/es\/preguntas-mas-frecuentes\/","og_locale":"es_ES","og_type":"article","og_title":"Preguntas m\u00e1s frecuentes - Woolley","og_description":"Preguntas m\u00e1s frecuentes","og_url":"https:\/\/www.wo-olley.com\/es\/preguntas-mas-frecuentes\/","og_site_name":"Woolley","article_modified_time":"2024-06-16T08:39:35+00:00","twitter_card":"summary_large_image","twitter_misc":{"Tiempo de lectura":"1 minuto"},"schema":{"@context":"https:\/\/schema.org","@graph":[{"@type":"WebPage","@id":"https:\/\/www.wo-olley.com\/es\/preguntas-mas-frecuentes\/","url":"https:\/\/www.wo-olley.com\/es\/preguntas-mas-frecuentes\/","name":"Preguntas m\u00e1s frecuentes - Woolley","isPartOf":{"@id":"https:\/\/www.wo-olley.com\/es\/#website"},"datePublished":"2021-01-15T09:41:00+00:00","dateModified":"2024-06-16T08:39:35+00:00","description":"Preguntas m\u00e1s frecuentes","breadcrumb":{"@id":"https:\/\/www.wo-olley.com\/es\/preguntas-mas-frecuentes\/#breadcrumb"},"inLanguage":"es","potentialAction":[{"@type":"ReadAction","target":["https:\/\/www.wo-olley.com\/es\/preguntas-mas-frecuentes\/"]}]},{"@type":"BreadcrumbList","@id":"https:\/\/www.wo-olley.com\/es\/preguntas-mas-frecuentes\/#breadcrumb","itemListElement":[{"@type":"ListItem","position":1,"name":"\u9996\u9875","item":"https:\/\/www.wo-olley.com\/es\/maquinaria-automatica-woolley-ltd\/"},{"@type":"ListItem","position":2,"name":"Preguntas m\u00e1s frecuentes"}]},{"@type":"WebSite","@id":"https:\/\/www.wo-olley.com\/es\/#website","url":"https:\/\/www.wo-olley.com\/es\/","name":"Woolley Automatic Machinery Ltd.(Shanghai)","description":"Woolley factory production plastic extruder machine - laminatied machine - offset printing machine - cosmetic soft tube heading injection machine - screen printing machine -  filling machine and sealing machine product line supplier","publisher":{"@id":"https:\/\/www.wo-olley.com\/es\/#organization"},"potentialAction":[{"@type":"SearchAction","target":{"@type":"EntryPoint","urlTemplate":"https:\/\/www.wo-olley.com\/es\/?s={search_term_string}"},"query-input":{"@type":"PropertyValueSpecification","valueRequired":true,"valueName":"search_term_string"}}],"inLanguage":"es"},{"@type":"Organization","@id":"https:\/\/www.wo-olley.com\/es\/#organization","name":"Woolley Automatic Machinery Ltd.(Shanghai)","url":"https:\/\/www.wo-olley.com\/es\/","logo":{"@type":"ImageObject","inLanguage":"es","@id":"https:\/\/www.wo-olley.com\/es\/#\/schema\/logo\/image\/","url":"https:\/\/www.wo-olley.com\/wp-content\/uploads\/2021\/05\/LOGO.png","contentUrl":"https:\/\/www.wo-olley.com\/wp-content\/uploads\/2021\/05\/LOGO.png","width":921,"height":271,"caption":"Woolley Automatic Machinery Ltd.(Shanghai)"},"image":{"@id":"https:\/\/www.wo-olley.com\/es\/#\/schema\/logo\/image\/"},"sameAs":["https:\/\/www.youtube.com\/channel\/UCuxOp7sBrW5pIxuGQbA0NpQ"]}]}},"_links":{"self":[{"href":"https:\/\/www.wo-olley.com\/es\/wp-json\/wp\/v2\/pages\/13626","targetHints":{"allow":["GET"]}}],"collection":[{"href":"https:\/\/www.wo-olley.com\/es\/wp-json\/wp\/v2\/pages"}],"about":[{"href":"https:\/\/www.wo-olley.com\/es\/wp-json\/wp\/v2\/types\/page"}],"author":[{"embeddable":true,"href":"https:\/\/www.wo-olley.com\/es\/wp-json\/wp\/v2\/users\/1"}],"replies":[{"embeddable":true,"href":"https:\/\/www.wo-olley.com\/es\/wp-json\/wp\/v2\/comments?post=13626"}],"version-history":[{"count":0,"href":"https:\/\/www.wo-olley.com\/es\/wp-json\/wp\/v2\/pages\/13626\/revisions"}],"wp:attachment":[{"href":"https:\/\/www.wo-olley.com\/es\/wp-json\/wp\/v2\/media?parent=13626"}],"curies":[{"name":"wp","href":"https:\/\/api.w.org\/{rel}","templated":true}]}}