{"id":13614,"date":"2021-01-15T17:41:00","date_gmt":"2021-01-15T09:41:00","guid":{"rendered":"https:\/\/www.wo-olley.com\/perguntas-frequentes\/"},"modified":"2024-06-16T16:38:23","modified_gmt":"2024-06-16T08:38:23","slug":"perguntas-frequentes","status":"publish","type":"page","link":"https:\/\/www.wo-olley.com\/pt-br\/perguntas-frequentes\/","title":{"rendered":"Perguntas frequentes"},"content":{"rendered":"\t\t<div data-elementor-type=\"wp-page\" data-elementor-id=\"13614\" class=\"elementor elementor-13614 elementor-9140\">\n\t\t\t\t\t\t<section class=\"elementor-section elementor-top-section elementor-element elementor-element-30fd131 elementor-reverse-mobile elementor-section-boxed elementor-section-height-default elementor-section-height-default\" data-id=\"30fd131\" data-element_type=\"section\">\n\t\t\t\t\t\t<div class=\"elementor-container elementor-column-gap-default\">\n\t\t\t\t\t<div class=\"elementor-column elementor-col-100 elementor-top-column elementor-element elementor-element-47d0168\" data-id=\"47d0168\" data-element_type=\"column\">\n\t\t\t<div class=\"elementor-widget-wrap elementor-element-populated\">\n\t\t\t\t\t\t<section class=\"elementor-section elementor-inner-section elementor-element elementor-element-9fcd29a elementor-section-boxed elementor-section-height-default elementor-section-height-default\" data-id=\"9fcd29a\" data-element_type=\"section\">\n\t\t\t\t\t\t<div class=\"elementor-container elementor-column-gap-default\">\n\t\t\t\t\t<div class=\"elementor-column elementor-col-50 elementor-inner-column elementor-element elementor-element-5a3aa2a elementor-hidden-tablet\" data-id=\"5a3aa2a\" data-element_type=\"column\">\n\t\t\t<div class=\"elementor-widget-wrap elementor-element-populated\">\n\t\t\t\t\t\t<div class=\"elementor-element elementor-element-0dff54d elementor-widget elementor-widget-ld_fancy_image\" data-id=\"0dff54d\" data-element_type=\"widget\" data-widget_type=\"ld_fancy_image.default\">\n\t\t\t\t<div class=\"elementor-widget-container\">\n\t\t\t\t\t\n\t\t<div class=\"lqd-imggrp-single d-block pos-rel \">\n\t\t\t<div class=\"lqd-imggrp-img-container d-inline-flex pos-rel align-items-center justify-content-center \">\n\t\t\t\t\t\t\t\t<figure class=\"w-100 pos-rel\">\n\t\t\t\t\t<img fetchpriority=\"high\" decoding=\"async\" width=\"944\" height=\"848\" src=\"https:\/\/www.wo-olley.com\/wp-content\/uploads\/2024\/01\/3D-Man@2x.png\" class=\"attachment-full size-full wp-image-10475\" alt=\"\" srcset=\"https:\/\/www.wo-olley.com\/wp-content\/uploads\/2024\/01\/3D-Man@2x.png 944w, https:\/\/www.wo-olley.com\/wp-content\/uploads\/2024\/01\/3D-Man@2x-300x269.png 300w\" sizes=\"(max-width: 944px) 100vw, 944px\" itemprop=\"image\" \/>\t\t\t\t\t\t\t\t\t\t\t\t\t\t\t\t\t\t\t\t\t\t\t\t\t\t\t\t\t<\/figure>\n\t\t\t<\/div>\n\t\t<\/div>\n\n\t\t\t\t\t<\/div>\n\t\t\t\t<\/div>\n\t\t\t\t\t<\/div>\n\t\t<\/div>\n\t\t\t\t<div class=\"elementor-column elementor-col-50 elementor-inner-column elementor-element elementor-element-1dff820\" data-id=\"1dff820\" data-element_type=\"column\">\n\t\t\t<div class=\"elementor-widget-wrap elementor-element-populated\">\n\t\t\t\t\t\t<div class=\"elementor-element elementor-element-685a6bb elementor-widget elementor-widget-ld_accordion\" data-id=\"685a6bb\" data-element_type=\"widget\" data-widget_type=\"ld_accordion.default\">\n\t\t\t\t<div class=\"elementor-widget-container\">\n\t\t\t\t\t\n\t\t<div class=\"accordion accordion-sm accordion-side-spacing accordion-title-bg-transparent accordion-active-has-fill\" id=\"accordion-69fc7f1e2c6ab\" role=\"tablist\" aria-multiselectable=\"true\">\n\t\t\t\t\t\t\t\t\t\t\t\t<div class=\"accordion-item panel  active\">\n\n\t\t\t\t<div class=\"accordion-heading\" role=\"tab\" id=\"heading-1091\">\n\t\t\t\t<h4 class=\"accordion-title  tabindex=\"-1\">\t\t\t\t\t<a class=\"\" role=\"button\" data-toggle=\"collapse\" data-bs-toggle=\"collapse\"\n                    tabindex=\"0\"\n\t\t\t\t\tdata-parent=\"#accordion-69fc7f1e2c6ab\" data-bs-parent=\"#accordion-69fc7f1e2c6ab\" href=\"#collapse-1091\" data-target=\"#collapse-1091\" data-bs-target=\"#collapse-1091\"\n\t\t\t\t\taria-expanded=\"true\" aria-controls=\"collapse-1091\">\n\t\t\t\t\t\t\t\t\t\t\t\t<span class=\"accordion-title-txt\">Por que a atualiza\u00e7\u00e3o Fast PBL \u00e9 necess\u00e1ria?<\/span>\n\t\t\t\t\t\t\t\t\t\t\t\t\t<span class=\"accordion-expander\"><i class=\"lqd-icn-ess icon-ion-ios-arrow-down\"><\/i><i class=\"lqd-icn-ess icon-ion-ios-arrow-up\"><\/i><\/span>\t\t\t\t\t\t\t\t\t\t\t<\/a>\n\t\t\t\t<\/h4>\t\t\t\t<\/div>\n\n\t\t\t\t<div id=\"collapse-1091\" class=\"accordion-collapse collapse  show\" data-bs-parent=\"#accordion-69fc7f1e2c6ab\" role=\"tabpanel\" aria-labelledby=\"heading-1091\">\n\n\t\t\t\t<div class=\"accordion-content\">\n\t\t\t\t\t<p>Novos desenvolvimentos de laminados exigem a atualiza\u00e7\u00e3o Fast PBL para manter a qualidade. Executar PBL como ABL causa problemas, comprometendo a qualidade do tubo e aumentando as taxas e custos de rejei\u00e7\u00e3o.<\/p>\t\t\t\t<\/div>\n\n\t\t\t\t<\/div>\n\n\t\t\t<\/div>\n\t\t\t\t\t\t\t\t\t<div class=\"accordion-item panel \">\n\n\t\t\t\t<div class=\"accordion-heading\" role=\"tab\" id=\"heading-1092\">\n\t\t\t\t<h4 class=\"accordion-title  tabindex=\"-1\">\t\t\t\t\t<a class=\"collapsed\" role=\"button\" data-toggle=\"collapse\" data-bs-toggle=\"collapse\"\n                    tabindex=\"0\"\n\t\t\t\t\tdata-parent=\"#accordion-69fc7f1e2c6ab\" data-bs-parent=\"#accordion-69fc7f1e2c6ab\" href=\"#collapse-1092\" data-target=\"#collapse-1092\" data-bs-target=\"#collapse-1092\"\n\t\t\t\t\taria-expanded=\"false\" aria-controls=\"collapse-1092\">\n\t\t\t\t\t\t\t\t\t\t\t\t<span class=\"accordion-title-txt\">Voc\u00ea \u00e9 fabricante?<\/span>\n\t\t\t\t\t\t\t\t\t\t\t\t\t<span class=\"accordion-expander\"><i class=\"lqd-icn-ess icon-ion-ios-arrow-down\"><\/i><i class=\"lqd-icn-ess icon-ion-ios-arrow-up\"><\/i><\/span>\t\t\t\t\t\t\t\t\t\t\t<\/a>\n\t\t\t\t<\/h4>\t\t\t\t<\/div>\n\n\t\t\t\t<div id=\"collapse-1092\" class=\"accordion-collapse collapse \" data-bs-parent=\"#accordion-69fc7f1e2c6ab\" role=\"tabpanel\" aria-labelledby=\"heading-1092\">\n\n\t\t\t\t<div class=\"accordion-content\">\n\t\t\t\t\t<p>Sim, n\u00f3s somos o fabricante.<\/p>\t\t\t\t<\/div>\n\n\t\t\t\t<\/div>\n\n\t\t\t<\/div>\n\t\t\t\t\t\t\t\t\t<div class=\"accordion-item panel \">\n\n\t\t\t\t<div class=\"accordion-heading\" role=\"tab\" id=\"heading-1093\">\n\t\t\t\t<h4 class=\"accordion-title  tabindex=\"-1\">\t\t\t\t\t<a class=\"collapsed\" role=\"button\" data-toggle=\"collapse\" data-bs-toggle=\"collapse\"\n                    tabindex=\"0\"\n\t\t\t\t\tdata-parent=\"#accordion-69fc7f1e2c6ab\" data-bs-parent=\"#accordion-69fc7f1e2c6ab\" href=\"#collapse-1093\" data-target=\"#collapse-1093\" data-bs-target=\"#collapse-1093\"\n\t\t\t\t\taria-expanded=\"false\" aria-controls=\"collapse-1093\">\n\t\t\t\t\t\t\t\t\t\t\t\t<span class=\"accordion-title-txt\">Que informa\u00e7\u00f5es o cliente deve fornecer para obter uma cota\u00e7\u00e3o precisa de n\u00f3s?  <\/span>\n\t\t\t\t\t\t\t\t\t\t\t\t\t<span class=\"accordion-expander\"><i class=\"lqd-icn-ess icon-ion-ios-arrow-down\"><\/i><i class=\"lqd-icn-ess icon-ion-ios-arrow-up\"><\/i><\/span>\t\t\t\t\t\t\t\t\t\t\t<\/a>\n\t\t\t\t<\/h4>\t\t\t\t<\/div>\n\n\t\t\t\t<div id=\"collapse-1093\" class=\"accordion-collapse collapse \" data-bs-parent=\"#accordion-69fc7f1e2c6ab\" role=\"tabpanel\" aria-labelledby=\"heading-1093\">\n\n\t\t\t\t<div class=\"accordion-content\">\n\t\t\t\t\t<p>O cliente deve fornecer os requisitos t\u00e9cnicos relacionados, desenhos, imagens, tens\u00e3o industrial, produ\u00e7\u00e3o planejada, etc.<\/p>\t\t\t\t<\/div>\n\n\t\t\t\t<\/div>\n\n\t\t\t<\/div>\n\t\t\t\t\t\t\t\t\t<div class=\"accordion-item panel \">\n\n\t\t\t\t<div class=\"accordion-heading\" role=\"tab\" id=\"heading-1094\">\n\t\t\t\t<h4 class=\"accordion-title  tabindex=\"-1\">\t\t\t\t\t<a class=\"collapsed\" role=\"button\" data-toggle=\"collapse\" data-bs-toggle=\"collapse\"\n                    tabindex=\"0\"\n\t\t\t\t\tdata-parent=\"#accordion-69fc7f1e2c6ab\" data-bs-parent=\"#accordion-69fc7f1e2c6ab\" href=\"#collapse-1094\" data-target=\"#collapse-1094\" data-bs-target=\"#collapse-1094\"\n\t\t\t\t\taria-expanded=\"false\" aria-controls=\"collapse-1094\">\n\t\t\t\t\t\t\t\t\t\t\t\t<span class=\"accordion-title-txt\">Qual \u00e9 o prazo de pagamento?<\/span>\n\t\t\t\t\t\t\t\t\t\t\t\t\t<span class=\"accordion-expander\"><i class=\"lqd-icn-ess icon-ion-ios-arrow-down\"><\/i><i class=\"lqd-icn-ess icon-ion-ios-arrow-up\"><\/i><\/span>\t\t\t\t\t\t\t\t\t\t\t<\/a>\n\t\t\t\t<\/h4>\t\t\t\t<\/div>\n\n\t\t\t\t<div id=\"collapse-1094\" class=\"accordion-collapse collapse \" data-bs-parent=\"#accordion-69fc7f1e2c6ab\" role=\"tabpanel\" aria-labelledby=\"heading-1094\">\n\n\t\t\t\t<div class=\"accordion-content\">\n\t\t\t\t\t<p>O prazo de pagamento \u00e9 de 30% no pagamento e 70% antes do envio (modo T\/T), tamb\u00e9m aceitamos outros prazos de pagamento, como L\/C, DA, D\/P etc.<\/p>\t\t\t\t<\/div>\n\n\t\t\t\t<\/div>\n\n\t\t\t<\/div>\n\t\t\t\t\t\t\t\t\t<div class=\"accordion-item panel \">\n\n\t\t\t\t<div class=\"accordion-heading\" role=\"tab\" id=\"heading-1095\">\n\t\t\t\t<h4 class=\"accordion-title  tabindex=\"-1\">\t\t\t\t\t<a class=\"collapsed\" role=\"button\" data-toggle=\"collapse\" data-bs-toggle=\"collapse\"\n                    tabindex=\"0\"\n\t\t\t\t\tdata-parent=\"#accordion-69fc7f1e2c6ab\" data-bs-parent=\"#accordion-69fc7f1e2c6ab\" href=\"#collapse-1095\" data-target=\"#collapse-1095\" data-bs-target=\"#collapse-1095\"\n\t\t\t\t\taria-expanded=\"false\" aria-controls=\"collapse-1095\">\n\t\t\t\t\t\t\t\t\t\t\t\t<span class=\"accordion-title-txt\">Quanto tempo dura o per\u00edodo de garantia da sua m\u00e1quina?<\/span>\n\t\t\t\t\t\t\t\t\t\t\t\t\t<span class=\"accordion-expander\"><i class=\"lqd-icn-ess icon-ion-ios-arrow-down\"><\/i><i class=\"lqd-icn-ess icon-ion-ios-arrow-up\"><\/i><\/span>\t\t\t\t\t\t\t\t\t\t\t<\/a>\n\t\t\t\t<\/h4>\t\t\t\t<\/div>\n\n\t\t\t\t<div id=\"collapse-1095\" class=\"accordion-collapse collapse \" data-bs-parent=\"#accordion-69fc7f1e2c6ab\" role=\"tabpanel\" aria-labelledby=\"heading-1095\">\n\n\t\t\t\t<div class=\"accordion-content\">\n\t\t\t\t\t<p>Todas as nossas m\u00e1quinas t\u00eam garantia de um ano, a partir da instala\u00e7\u00e3o finalizada.<\/p>\t\t\t\t<\/div>\n\n\t\t\t\t<\/div>\n\n\t\t\t<\/div>\n\t\t\t\t\t\t\t\t\t<div class=\"accordion-item panel \">\n\n\t\t\t\t<div class=\"accordion-heading\" role=\"tab\" id=\"heading-1096\">\n\t\t\t\t<h4 class=\"accordion-title  tabindex=\"-1\">\t\t\t\t\t<a class=\"collapsed\" role=\"button\" data-toggle=\"collapse\" data-bs-toggle=\"collapse\"\n                    tabindex=\"0\"\n\t\t\t\t\tdata-parent=\"#accordion-69fc7f1e2c6ab\" data-bs-parent=\"#accordion-69fc7f1e2c6ab\" href=\"#collapse-1096\" data-target=\"#collapse-1096\" data-bs-target=\"#collapse-1096\"\n\t\t\t\t\taria-expanded=\"false\" aria-controls=\"collapse-1096\">\n\t\t\t\t\t\t\t\t\t\t\t\t<span class=\"accordion-title-txt\">Como poder\u00edamos fazer ap\u00f3s o per\u00edodo de garantia de um ano?<\/span>\n\t\t\t\t\t\t\t\t\t\t\t\t\t<span class=\"accordion-expander\"><i class=\"lqd-icn-ess icon-ion-ios-arrow-down\"><\/i><i class=\"lqd-icn-ess icon-ion-ios-arrow-up\"><\/i><\/span>\t\t\t\t\t\t\t\t\t\t\t<\/a>\n\t\t\t\t<\/h4>\t\t\t\t<\/div>\n\n\t\t\t\t<div id=\"collapse-1096\" class=\"accordion-collapse collapse \" data-bs-parent=\"#accordion-69fc7f1e2c6ab\" role=\"tabpanel\" aria-labelledby=\"heading-1096\">\n\n\t\t\t\t<div class=\"accordion-content\">\n\t\t\t\t\t<p>Tamb\u00e9m podemos prestar servi\u00e7os para voc\u00ea, mas voc\u00ea precisa pagar o sal\u00e1rio do meu t\u00e9cnico 80USD\/dia.<\/p>\t\t\t\t<\/div>\n\n\t\t\t\t<\/div>\n\n\t\t\t<\/div>\n\t\t\t\t\t\t\t\t\t<div class=\"accordion-item panel \">\n\n\t\t\t\t<div class=\"accordion-heading\" role=\"tab\" id=\"heading-1097\">\n\t\t\t\t<h4 class=\"accordion-title  tabindex=\"-1\">\t\t\t\t\t<a class=\"collapsed\" role=\"button\" data-toggle=\"collapse\" data-bs-toggle=\"collapse\"\n                    tabindex=\"0\"\n\t\t\t\t\tdata-parent=\"#accordion-69fc7f1e2c6ab\" data-bs-parent=\"#accordion-69fc7f1e2c6ab\" href=\"#collapse-1097\" data-target=\"#collapse-1097\" data-bs-target=\"#collapse-1097\"\n\t\t\t\t\taria-expanded=\"false\" aria-controls=\"collapse-1097\">\n\t\t\t\t\t\t\t\t\t\t\t\t<span class=\"accordion-title-txt\">Como poder\u00edamos fazer se as pe\u00e7as quebrassem dentro da garantia?<\/span>\n\t\t\t\t\t\t\t\t\t\t\t\t\t<span class=\"accordion-expander\"><i class=\"lqd-icn-ess icon-ion-ios-arrow-down\"><\/i><i class=\"lqd-icn-ess icon-ion-ios-arrow-up\"><\/i><\/span>\t\t\t\t\t\t\t\t\t\t\t<\/a>\n\t\t\t\t<\/h4>\t\t\t\t<\/div>\n\n\t\t\t\t<div id=\"collapse-1097\" class=\"accordion-collapse collapse \" data-bs-parent=\"#accordion-69fc7f1e2c6ab\" role=\"tabpanel\" aria-labelledby=\"heading-1097\">\n\n\t\t\t\t<div class=\"accordion-content\">\n\t\t\t\t\t<p>Gostar\u00edamos de expressar as pe\u00e7as de reposi\u00e7\u00e3o gratuitas durante a data de garantia.<\/p>\t\t\t\t<\/div>\n\n\t\t\t\t<\/div>\n\n\t\t\t<\/div>\n\t\t\t\t\t\t\t\t\t<div class=\"accordion-item panel \">\n\n\t\t\t\t<div class=\"accordion-heading\" role=\"tab\" id=\"heading-1098\">\n\t\t\t\t<h4 class=\"accordion-title  tabindex=\"-1\">\t\t\t\t\t<a class=\"collapsed\" role=\"button\" data-toggle=\"collapse\" data-bs-toggle=\"collapse\"\n                    tabindex=\"0\"\n\t\t\t\t\tdata-parent=\"#accordion-69fc7f1e2c6ab\" data-bs-parent=\"#accordion-69fc7f1e2c6ab\" href=\"#collapse-1098\" data-target=\"#collapse-1098\" data-bs-target=\"#collapse-1098\"\n\t\t\t\t\taria-expanded=\"false\" aria-controls=\"collapse-1098\">\n\t\t\t\t\t\t\t\t\t\t\t\t<span class=\"accordion-title-txt\">Como resolvemos o problema da m\u00e1quina ap\u00f3s a sa\u00edda do seu engenheiro?<\/span>\n\t\t\t\t\t\t\t\t\t\t\t\t\t<span class=\"accordion-expander\"><i class=\"lqd-icn-ess icon-ion-ios-arrow-down\"><\/i><i class=\"lqd-icn-ess icon-ion-ios-arrow-up\"><\/i><\/span>\t\t\t\t\t\t\t\t\t\t\t<\/a>\n\t\t\t\t<\/h4>\t\t\t\t<\/div>\n\n\t\t\t\t<div id=\"collapse-1098\" class=\"accordion-collapse collapse \" data-bs-parent=\"#accordion-69fc7f1e2c6ab\" role=\"tabpanel\" aria-labelledby=\"heading-1098\">\n\n\t\t\t\t<div class=\"accordion-content\">\n\t\t\t\t\t<p>De modo geral, n\u00e3o haver\u00e1 problemas ap\u00f3s terminar a instala\u00e7\u00e3o. Caso voc\u00ea tenha algum problema. Voc\u00ea pode entrar em contato com nosso especialista de p\u00f3s-venda a qualquer momento. Nosso departamento de p\u00f3s-venda com 30 engenheiros. Nossos engenheiros far\u00e3o um v\u00eddeo da solu\u00e7\u00e3o de acordo com sua descri\u00e7\u00e3o.<\/p>\t\t\t\t<\/div>\n\n\t\t\t\t<\/div>\n\n\t\t\t<\/div>\n\t\t\t\t\t\t\t\t\t\t<script type=\"application\/ld+json\">{\"@context\":\"https:\\\/\\\/schema.org\",\"@type\":\"FAQPage\",\"mainEntity\":[{\"@type\":\"Question\",\"name\":\"Por que a atualiza\\u00e7\\u00e3o Fast PBL \\u00e9 necess\\u00e1ria?\",\"acceptedAnswer\":{\"@type\":\"Answer\",\"text\":\"Novos desenvolvimentos de laminados exigem a atualizao Fast PBL para manter a qualidade. Executar PBL como ABL causa problemas, comprometendo a qualidade do tubo e aumentando as taxas e custos de rejeio.\"}},{\"@type\":\"Question\",\"name\":\"Voc\\u00ea \\u00e9 fabricante?\",\"acceptedAnswer\":{\"@type\":\"Answer\",\"text\":\"Sim, ns somos o fabricante.\"}},{\"@type\":\"Question\",\"name\":\"Que informa\\u00e7\\u00f5es o cliente deve fornecer para obter uma cota\\u00e7\\u00e3o precisa de n\\u00f3s?\",\"acceptedAnswer\":{\"@type\":\"Answer\",\"text\":\"O cliente deve fornecer os requisitos tcnicos relacionados, desenhos, imagens, tenso industrial, produo planejada, etc.\"}},{\"@type\":\"Question\",\"name\":\"Qual \\u00e9 o prazo de pagamento?\",\"acceptedAnswer\":{\"@type\":\"Answer\",\"text\":\"O prazo de pagamento  de 30% no pagamento e 70% antes do envio (modo T\\\/T), tambm aceitamos outros prazos de pagamento, como L\\\/C, DA, D\\\/P etc.\"}},{\"@type\":\"Question\",\"name\":\"Quanto tempo dura o per\\u00edodo de garantia da sua m\\u00e1quina?\",\"acceptedAnswer\":{\"@type\":\"Answer\",\"text\":\"Todas as nossas mquinas tm garantia de um ano, a partir da instalao finalizada.\"}},{\"@type\":\"Question\",\"name\":\"Como poder\\u00edamos fazer ap\\u00f3s o per\\u00edodo de garantia de um ano?\",\"acceptedAnswer\":{\"@type\":\"Answer\",\"text\":\"Tambm podemos prestar servios para voc, mas voc precisa pagar o salrio do meu tcnico 80USD\\\/dia.\"}},{\"@type\":\"Question\",\"name\":\"Como poder\\u00edamos fazer se as pe\\u00e7as quebrassem dentro da garantia?\",\"acceptedAnswer\":{\"@type\":\"Answer\",\"text\":\"Gostaramos de expressar as peas de reposio gratuitas durante a data de garantia.\"}},{\"@type\":\"Question\",\"name\":\"Como resolvemos o problema da m\\u00e1quina ap\\u00f3s a sa\\u00edda do seu engenheiro?\",\"acceptedAnswer\":{\"@type\":\"Answer\",\"text\":\"De modo geral, no haver problemas aps terminar a instalao. Caso voc tenha algum problema. Voc pode entrar em contato com nosso especialista de ps-venda a qualquer momento. Nosso departamento de ps-venda com 30 engenheiros. Nossos engenheiros faro um vdeo da soluo de acordo com sua descrio.\"}}]}<\/script>\n\t\t\t\n\t\t<\/div>\n\n\t\t\t\t\t\t<\/div>\n\t\t\t\t<\/div>\n\t\t\t\t\t<\/div>\n\t\t<\/div>\n\t\t\t\t\t<\/div>\n\t\t<\/section>\n\t\t\t\t\t<\/div>\n\t\t<\/div>\n\t\t\t\t\t<\/div>\n\t\t<\/section>\n\t\t\t\t<\/div>\n\t\t","protected":false},"excerpt":{"rendered":"<p>Voc\u00ea \u00e9 fabricante? Sim, n\u00f3s somos o fabricante. Qual \u00e9 o prazo de pagamento? O prazo de pagamento \u00e9 de 30% no pagamento e 70% antes do envio (modo T\/T), tamb\u00e9m aceitamos outros prazos de pagamento, como L\/C, DA, D\/P etc. Como poder\u00edamos fazer ap\u00f3s o per\u00edodo de garantia de um ano? Tamb\u00e9m podemos prestar [&hellip;]<\/p>\n","protected":false},"author":1,"featured_media":0,"parent":0,"menu_order":0,"comment_status":"closed","ping_status":"closed","template":"","meta":{"footnotes":""},"class_list":["post-13614","page","type-page","status-publish","hentry"],"yoast_head":"<!-- This site is optimized with the Yoast SEO plugin v25.9 - https:\/\/yoast.com\/wordpress\/plugins\/seo\/ -->\n<title>Perguntas frequentes - Woolley<\/title>\n<meta name=\"description\" content=\"Perguntas frequentes\" \/>\n<meta name=\"robots\" content=\"index, follow, max-snippet:-1, max-image-preview:large, max-video-preview:-1\" \/>\n<link rel=\"canonical\" href=\"https:\/\/www.wo-olley.com\/pt-br\/perguntas-frequentes\/\" \/>\n<meta property=\"og:locale\" content=\"pt_BR\" \/>\n<meta property=\"og:type\" content=\"article\" \/>\n<meta property=\"og:title\" content=\"Perguntas frequentes - Woolley\" \/>\n<meta property=\"og:description\" content=\"Perguntas frequentes\" \/>\n<meta property=\"og:url\" content=\"https:\/\/www.wo-olley.com\/pt-br\/perguntas-frequentes\/\" \/>\n<meta property=\"og:site_name\" content=\"Woolley\" \/>\n<meta property=\"article:modified_time\" content=\"2024-06-16T08:38:23+00:00\" \/>\n<meta name=\"twitter:card\" content=\"summary_large_image\" \/>\n<meta name=\"twitter:label1\" content=\"Est. tempo de leitura\" \/>\n\t<meta name=\"twitter:data1\" content=\"1 minuto\" \/>\n<script type=\"application\/ld+json\" class=\"yoast-schema-graph\">{\"@context\":\"https:\/\/schema.org\",\"@graph\":[{\"@type\":\"WebPage\",\"@id\":\"https:\/\/www.wo-olley.com\/pt-br\/perguntas-frequentes\/\",\"url\":\"https:\/\/www.wo-olley.com\/pt-br\/perguntas-frequentes\/\",\"name\":\"Perguntas frequentes - Woolley\",\"isPartOf\":{\"@id\":\"https:\/\/www.wo-olley.com\/pt-br\/#website\"},\"datePublished\":\"2021-01-15T09:41:00+00:00\",\"dateModified\":\"2024-06-16T08:38:23+00:00\",\"description\":\"Perguntas frequentes\",\"breadcrumb\":{\"@id\":\"https:\/\/www.wo-olley.com\/pt-br\/perguntas-frequentes\/#breadcrumb\"},\"inLanguage\":\"pt-BR\",\"potentialAction\":[{\"@type\":\"ReadAction\",\"target\":[\"https:\/\/www.wo-olley.com\/pt-br\/perguntas-frequentes\/\"]}]},{\"@type\":\"BreadcrumbList\",\"@id\":\"https:\/\/www.wo-olley.com\/pt-br\/perguntas-frequentes\/#breadcrumb\",\"itemListElement\":[{\"@type\":\"ListItem\",\"position\":1,\"name\":\"\u9996\u9875\",\"item\":\"https:\/\/www.wo-olley.com\/pt-br\/woolley-maquinas-automaticas-ltd\/\"},{\"@type\":\"ListItem\",\"position\":2,\"name\":\"Perguntas frequentes\"}]},{\"@type\":\"WebSite\",\"@id\":\"https:\/\/www.wo-olley.com\/pt-br\/#website\",\"url\":\"https:\/\/www.wo-olley.com\/pt-br\/\",\"name\":\"Woolley Automatic Machinery Ltd.(Shanghai)\",\"description\":\"Woolley factory production plastic extruder machine - laminatied machine - offset printing machine - cosmetic soft tube heading injection machine - screen printing machine -  filling machine and sealing machine product line supplier\",\"publisher\":{\"@id\":\"https:\/\/www.wo-olley.com\/pt-br\/#organization\"},\"potentialAction\":[{\"@type\":\"SearchAction\",\"target\":{\"@type\":\"EntryPoint\",\"urlTemplate\":\"https:\/\/www.wo-olley.com\/pt-br\/?s={search_term_string}\"},\"query-input\":{\"@type\":\"PropertyValueSpecification\",\"valueRequired\":true,\"valueName\":\"search_term_string\"}}],\"inLanguage\":\"pt-BR\"},{\"@type\":\"Organization\",\"@id\":\"https:\/\/www.wo-olley.com\/pt-br\/#organization\",\"name\":\"Woolley Automatic Machinery Ltd.(Shanghai)\",\"url\":\"https:\/\/www.wo-olley.com\/pt-br\/\",\"logo\":{\"@type\":\"ImageObject\",\"inLanguage\":\"pt-BR\",\"@id\":\"https:\/\/www.wo-olley.com\/pt-br\/#\/schema\/logo\/image\/\",\"url\":\"https:\/\/www.wo-olley.com\/wp-content\/uploads\/2021\/05\/LOGO.png\",\"contentUrl\":\"https:\/\/www.wo-olley.com\/wp-content\/uploads\/2021\/05\/LOGO.png\",\"width\":921,\"height\":271,\"caption\":\"Woolley Automatic Machinery Ltd.(Shanghai)\"},\"image\":{\"@id\":\"https:\/\/www.wo-olley.com\/pt-br\/#\/schema\/logo\/image\/\"},\"sameAs\":[\"https:\/\/www.youtube.com\/channel\/UCuxOp7sBrW5pIxuGQbA0NpQ\"]}]}<\/script>\n<!-- \/ Yoast SEO plugin. -->","yoast_head_json":{"title":"Perguntas frequentes - Woolley","description":"Perguntas frequentes","robots":{"index":"index","follow":"follow","max-snippet":"max-snippet:-1","max-image-preview":"max-image-preview:large","max-video-preview":"max-video-preview:-1"},"canonical":"https:\/\/www.wo-olley.com\/pt-br\/perguntas-frequentes\/","og_locale":"pt_BR","og_type":"article","og_title":"Perguntas frequentes - Woolley","og_description":"Perguntas frequentes","og_url":"https:\/\/www.wo-olley.com\/pt-br\/perguntas-frequentes\/","og_site_name":"Woolley","article_modified_time":"2024-06-16T08:38:23+00:00","twitter_card":"summary_large_image","twitter_misc":{"Est. tempo de leitura":"1 minuto"},"schema":{"@context":"https:\/\/schema.org","@graph":[{"@type":"WebPage","@id":"https:\/\/www.wo-olley.com\/pt-br\/perguntas-frequentes\/","url":"https:\/\/www.wo-olley.com\/pt-br\/perguntas-frequentes\/","name":"Perguntas frequentes - Woolley","isPartOf":{"@id":"https:\/\/www.wo-olley.com\/pt-br\/#website"},"datePublished":"2021-01-15T09:41:00+00:00","dateModified":"2024-06-16T08:38:23+00:00","description":"Perguntas frequentes","breadcrumb":{"@id":"https:\/\/www.wo-olley.com\/pt-br\/perguntas-frequentes\/#breadcrumb"},"inLanguage":"pt-BR","potentialAction":[{"@type":"ReadAction","target":["https:\/\/www.wo-olley.com\/pt-br\/perguntas-frequentes\/"]}]},{"@type":"BreadcrumbList","@id":"https:\/\/www.wo-olley.com\/pt-br\/perguntas-frequentes\/#breadcrumb","itemListElement":[{"@type":"ListItem","position":1,"name":"\u9996\u9875","item":"https:\/\/www.wo-olley.com\/pt-br\/woolley-maquinas-automaticas-ltd\/"},{"@type":"ListItem","position":2,"name":"Perguntas frequentes"}]},{"@type":"WebSite","@id":"https:\/\/www.wo-olley.com\/pt-br\/#website","url":"https:\/\/www.wo-olley.com\/pt-br\/","name":"Woolley Automatic Machinery Ltd.(Shanghai)","description":"Woolley factory production plastic extruder machine - laminatied machine - offset printing machine - cosmetic soft tube heading injection machine - screen printing machine -  filling machine and sealing machine product line supplier","publisher":{"@id":"https:\/\/www.wo-olley.com\/pt-br\/#organization"},"potentialAction":[{"@type":"SearchAction","target":{"@type":"EntryPoint","urlTemplate":"https:\/\/www.wo-olley.com\/pt-br\/?s={search_term_string}"},"query-input":{"@type":"PropertyValueSpecification","valueRequired":true,"valueName":"search_term_string"}}],"inLanguage":"pt-BR"},{"@type":"Organization","@id":"https:\/\/www.wo-olley.com\/pt-br\/#organization","name":"Woolley Automatic Machinery Ltd.(Shanghai)","url":"https:\/\/www.wo-olley.com\/pt-br\/","logo":{"@type":"ImageObject","inLanguage":"pt-BR","@id":"https:\/\/www.wo-olley.com\/pt-br\/#\/schema\/logo\/image\/","url":"https:\/\/www.wo-olley.com\/wp-content\/uploads\/2021\/05\/LOGO.png","contentUrl":"https:\/\/www.wo-olley.com\/wp-content\/uploads\/2021\/05\/LOGO.png","width":921,"height":271,"caption":"Woolley Automatic Machinery Ltd.(Shanghai)"},"image":{"@id":"https:\/\/www.wo-olley.com\/pt-br\/#\/schema\/logo\/image\/"},"sameAs":["https:\/\/www.youtube.com\/channel\/UCuxOp7sBrW5pIxuGQbA0NpQ"]}]}},"_links":{"self":[{"href":"https:\/\/www.wo-olley.com\/pt-br\/wp-json\/wp\/v2\/pages\/13614","targetHints":{"allow":["GET"]}}],"collection":[{"href":"https:\/\/www.wo-olley.com\/pt-br\/wp-json\/wp\/v2\/pages"}],"about":[{"href":"https:\/\/www.wo-olley.com\/pt-br\/wp-json\/wp\/v2\/types\/page"}],"author":[{"embeddable":true,"href":"https:\/\/www.wo-olley.com\/pt-br\/wp-json\/wp\/v2\/users\/1"}],"replies":[{"embeddable":true,"href":"https:\/\/www.wo-olley.com\/pt-br\/wp-json\/wp\/v2\/comments?post=13614"}],"version-history":[{"count":0,"href":"https:\/\/www.wo-olley.com\/pt-br\/wp-json\/wp\/v2\/pages\/13614\/revisions"}],"wp:attachment":[{"href":"https:\/\/www.wo-olley.com\/pt-br\/wp-json\/wp\/v2\/media?parent=13614"}],"curies":[{"name":"wp","href":"https:\/\/api.w.org\/{rel}","templated":true}]}}