{"id":13685,"date":"2020-12-14T08:23:14","date_gmt":"2020-12-14T00:23:14","guid":{"rendered":"https:\/\/www.wo-olley.com\/noticias\/"},"modified":"2024-06-16T16:42:12","modified_gmt":"2024-06-16T08:42:12","slug":"noticias","status":"publish","type":"page","link":"https:\/\/www.wo-olley.com\/pt-br\/noticias\/","title":{"rendered":"Not\u00edcias"},"content":{"rendered":"\t\t<div data-elementor-type=\"wp-page\" data-elementor-id=\"13685\" class=\"elementor elementor-13685 elementor-8994\">\n\t\t\t\t\t\t<section class=\"elementor-section elementor-top-section elementor-element elementor-element-1cfd69e9 elementor-hidden-mobile elementor-section-boxed elementor-section-height-default elementor-section-height-default\" data-id=\"1cfd69e9\" data-element_type=\"section\">\n\t\t\t\t\t\t<div class=\"elementor-container elementor-column-gap-default\">\n\t\t\t\t\t<div class=\"elementor-column elementor-col-100 elementor-top-column elementor-element elementor-element-85c5053\" data-id=\"85c5053\" data-element_type=\"column\">\n\t\t\t<div class=\"elementor-widget-wrap elementor-element-populated\">\n\t\t\t\t\t\t<div class=\"elementor-element elementor-element-5a247bf9 elementor-widget elementor-widget-hub_fancy_heading\" data-id=\"5a247bf9\" data-element_type=\"widget\" data-widget_type=\"hub_fancy_heading.default\">\n\t\t\t\t<div class=\"elementor-widget-container\">\n\t\t\t\t\t\n\t\t<div id=\"ld-fancy-heading-69f50b03bcdcd\" class=\"ld-fancy-heading pos-rel\">\n\t\t\t<h6 class=\"ld-fh-element d-inline-block pos-rel  elementor-heading-title lqd-highlight-classic lqd-highlight-grow-left h6\"  > l\u00e3<\/h6>\t\t<\/div>\n\n\t\t\t\t\t\t<\/div>\n\t\t\t\t<\/div>\n\t\t\t\t<div class=\"elementor-element elementor-element-1a72469c elementor-widget elementor-widget-hub_fancy_heading\" data-id=\"1a72469c\" data-element_type=\"widget\" data-widget_type=\"hub_fancy_heading.default\">\n\t\t\t\t<div class=\"elementor-widget-container\">\n\t\t\t\t\t\n\t\t<div id=\"ld-fancy-heading-69f50b03bd903\" class=\"ld-fancy-heading pos-rel\">\n\t\t\t<h2 class=\"ld-fh-element d-inline-block pos-rel  elementor-heading-title ld-gradient-heading lqd-highlight-classic lqd-highlight-grow-left h2\"  > NOT\u00cdCIAS<\/h2>\t\t<\/div>\n\n\t\t\t\t\t\t<\/div>\n\t\t\t\t<\/div>\n\t\t\t\t\t<\/div>\n\t\t<\/div>\n\t\t\t\t\t<\/div>\n\t\t<\/section>\n\t\t\t\t<section class=\"elementor-section elementor-top-section elementor-element elementor-element-e456d61 elementor-section-boxed elementor-section-height-default elementor-section-height-default\" data-id=\"e456d61\" data-element_type=\"section\">\n\t\t\t\t\t\t<div class=\"elementor-container elementor-column-gap-default\">\n\t\t\t\t\t<div class=\"elementor-column elementor-col-100 elementor-top-column elementor-element elementor-element-e94a6e8\" data-id=\"e94a6e8\" data-element_type=\"column\">\n\t\t\t<div class=\"elementor-widget-wrap elementor-element-populated\">\n\t\t\t\t\t\t<div class=\"elementor-element elementor-element-9914842 elementor-widget elementor-widget-ld_blog\" data-id=\"9914842\" data-element_type=\"widget\" data-widget_type=\"ld_blog.default\">\n\t\t\t\t<div class=\"elementor-widget-container\">\n\t\t\t\t\t<div class=\"lqd-lp-grid 9914842 blog-id-160516162 \"><div class=\"lqd-lp-row row pos-rel d-flex flex-wrap\" ><div class=\"lqd-lp-column d-flex flex-column col-md-6 col-sm-6 noticias-da-industria\"><article id=\"post-14281\" class=\"lqd-lp pos-rel lqd-lp-style-3 text-start post-14281 post type-post status-publish format-standard has-post-thumbnail hentry category-noticias-da-industria\"><div class=\"lqd-lp-img mb-5\"><figure class=\"pos-rel overflow-hidden border-radius-6\"><img fetchpriority=\"high\" decoding=\"async\" width=\"700\" height=\"450\" src=\"https:\/\/www.wo-olley.com\/wp-content\/uploads\/2024\/03\/Offset-Printing-Machines-application-1-700x450.jpg\" class=\"w-100 wp-post-image\" alt=\"\" itemprop=\"image\" \/><div class=\"lqd-overlay d-flex align-items-center justify-content-center\">\n\t\t\t<div class=\"lqd-overlay lqd-overlay-bg\"><\/div>\n\t\t\t<i class=\"lqd-icn-ess icon-md-arrow-forward\"><\/i>\n\t\t<\/div><\/figure><\/div><header class=\"lqd-lp-header\">\n\t<div class=\"lqd-lp-meta lqd-lp-meta-dot-between d-flex flex-wrap align-items-center font-weight-bold text-uppercase ltr-sp-1\">\n\t\t<span class=\"screen-reader-text\">Tags <\/span><ul class=\"lqd-lp-cat reset-ul inline-ul pos-rel z-index-3\"><li><a href=\"https:\/\/www.wo-olley.com\/pt-br\/category\/noticias-da-industria\/\" rel=\"category\">Not\u00edcias da ind\u00fastria<\/a><\/li><\/ul>\t\t<time class=\"lqd-lp-date\" datetime=\"2024-03-03T02:47:49+08:00\">03\/03\/2024<\/time>\t<\/div>\n\t<h1 class=\"entry-title lqd-lp-title h5 mt-3 mb-0\"><a  href=\"https:\/\/www.wo-olley.com\/pt-br\/maquina-de-impressao-offset-uma-jornada-rumo-a-versatilidade\/\" rel=\"bookmark\">M\u00e1quina de impress\u00e3o offset: uma jornada rumo \u00e0 versatilidade<\/a><\/h1><\/header>\n<a  href=\"https:\/\/www.wo-olley.com\/pt-br\/maquina-de-impressao-offset-uma-jornada-rumo-a-versatilidade\/\" class=\"lqd-lp-overlay-link lqd-overlay lqd-cc-label-trigger z-index-2\" tab-index=\"-1\"><\/a>\n<\/article><\/div><div class=\"lqd-lp-column d-flex flex-column col-md-6 col-sm-6 industry-news\"><article id=\"post-14394\" class=\"lqd-lp pos-rel lqd-lp-style-3 text-start post-14394 post type-post status-publish format-standard has-post-thumbnail hentry category-industry-news\"><div class=\"lqd-lp-img mb-5\"><figure class=\"pos-rel overflow-hidden border-radius-6\"><img decoding=\"async\" width=\"700\" height=\"450\" src=\"data:image\/svg+xml;charset=utf-8,%3Csvg xmlns%3D&#039;http%3A%2F%2Fwww.w3.org%2F2000%2Fsvg&#039; viewBox%3D&#039;0 0 700 450&#039;%2F%3E\" class=\"w-100 ld-lazyload wp-post-image\" alt=\"\" itemprop=\"image\" data-src=\"https:\/\/www.wo-olley.com\/wp-content\/uploads\/2024\/03\/Toothpaste-tube-making-machine-banner-700x450.jpg\" data-aspect=\"1.5555555555556\" \/><div class=\"lqd-overlay d-flex align-items-center justify-content-center\">\n\t\t\t<div class=\"lqd-overlay lqd-overlay-bg\"><\/div>\n\t\t\t<i class=\"lqd-icn-ess icon-md-arrow-forward\"><\/i>\n\t\t<\/div><\/figure><\/div><header class=\"lqd-lp-header\">\n\t<div class=\"lqd-lp-meta lqd-lp-meta-dot-between d-flex flex-wrap align-items-center font-weight-bold text-uppercase ltr-sp-1\">\n\t\t<span class=\"screen-reader-text\">Tags <\/span><ul class=\"lqd-lp-cat reset-ul inline-ul pos-rel z-index-3\"><li><a href=\"https:\/\/www.wo-olley.com\/category\/industry-news\/\" rel=\"category\" style=--color-primary:#ffffff>Industry news<\/a><\/li><\/ul>\t\t<time class=\"lqd-lp-date\" datetime=\"2023-05-26T01:31:25+08:00\">05\/26\/2023<\/time>\t<\/div>\n\t<h1 class=\"entry-title lqd-lp-title h5 mt-3 mb-0\"><a  href=\"https:\/\/www.wo-olley.com\/pt-br\/maquina-para-fabricar-tubos-de-pasta-de-dente-em-exposicao-em-xangai\/\" rel=\"bookmark\">M\u00e1quina para fabricar tubos de pasta de dente em exposi\u00e7\u00e3o em Xangai<\/a><\/h1><\/header>\n<a  href=\"https:\/\/www.wo-olley.com\/pt-br\/maquina-para-fabricar-tubos-de-pasta-de-dente-em-exposicao-em-xangai\/\" class=\"lqd-lp-overlay-link lqd-overlay lqd-cc-label-trigger z-index-2\" tab-index=\"-1\"><\/a>\n<\/article><\/div><div class=\"lqd-lp-column d-flex flex-column col-md-6 col-sm-6 noticias-de-woolley\"><article id=\"post-14366\" class=\"lqd-lp pos-rel lqd-lp-style-3 text-start post-14366 post type-post status-publish format-standard has-post-thumbnail hentry category-noticias-de-woolley\"><div class=\"lqd-lp-img mb-5\"><figure class=\"pos-rel overflow-hidden border-radius-6\"><img decoding=\"async\" width=\"700\" height=\"450\" src=\"data:image\/svg+xml;charset=utf-8,%3Csvg xmlns%3D&#039;http%3A%2F%2Fwww.w3.org%2F2000%2Fsvg&#039; viewBox%3D&#039;0 0 700 450&#039;%2F%3E\" class=\"w-100 ld-lazyload wp-post-image\" alt=\"\" itemprop=\"image\" data-src=\"https:\/\/www.wo-olley.com\/wp-content\/uploads\/2024\/03\/tube-shoulder-machine-made-in-china-banner-700x450.jpg\" data-aspect=\"1.5555555555556\" \/><div class=\"lqd-overlay d-flex align-items-center justify-content-center\">\n\t\t\t<div class=\"lqd-overlay lqd-overlay-bg\"><\/div>\n\t\t\t<i class=\"lqd-icn-ess icon-md-arrow-forward\"><\/i>\n\t\t<\/div><\/figure><\/div><header class=\"lqd-lp-header\">\n\t<div class=\"lqd-lp-meta lqd-lp-meta-dot-between d-flex flex-wrap align-items-center font-weight-bold text-uppercase ltr-sp-1\">\n\t\t<span class=\"screen-reader-text\">Tags <\/span><ul class=\"lqd-lp-cat reset-ul inline-ul pos-rel z-index-3\"><li><a href=\"https:\/\/www.wo-olley.com\/pt-br\/category\/noticias-de-woolley\/\" rel=\"category\">Not\u00edcias de Woolley<\/a><\/li><\/ul>\t\t<time class=\"lqd-lp-date\" datetime=\"2022-09-03T00:19:11+08:00\">09\/03\/2022<\/time>\t<\/div>\n\t<h1 class=\"entry-title lqd-lp-title h5 mt-3 mb-0\"><a  href=\"https:\/\/www.wo-olley.com\/pt-br\/impressionado-com-as-maquinas-da-linha-de-producao-de-tubos-macios-woolley\/\" rel=\"bookmark\">Impressionado com as m\u00e1quinas da linha de produ\u00e7\u00e3o de tubos macios Woolley<\/a><\/h1><\/header>\n<a  href=\"https:\/\/www.wo-olley.com\/pt-br\/impressionado-com-as-maquinas-da-linha-de-producao-de-tubos-macios-woolley\/\" class=\"lqd-lp-overlay-link lqd-overlay lqd-cc-label-trigger z-index-2\" tab-index=\"-1\"><\/a>\n<\/article><\/div><\/div><!--\/ .row --><\/div><!--\/ .lqd-lp-grid -->\t\t\t\t<\/div>\n\t\t\t\t<\/div>\n\t\t\t\t\t<\/div>\n\t\t<\/div>\n\t\t\t\t\t<\/div>\n\t\t<\/section>\n\t\t\t\t<\/div>\n\t\t","protected":false},"excerpt":{"rendered":"<p>l\u00e3 NOT\u00cdCIAS Tags Industry news 2024\u5e74 3\u6708 3\u65e5 Offset Printing Machine : A Journey into Versatility Tags Exhibition news 2023\u5e74 5\u6708 26\u65e5 Toothpaste tube making machine in Shanghai exhibition Tags Woolley news 2022\u5e74 9\u6708 3\u65e5 Impressed by Woolley Soft Tube Production Line Machinery<\/p>\n","protected":false},"author":1,"featured_media":0,"parent":0,"menu_order":0,"comment_status":"closed","ping_status":"closed","template":"","meta":{"footnotes":""},"class_list":["post-13685","page","type-page","status-publish","hentry"],"yoast_head":"<!-- This site is optimized with the Yoast SEO plugin v25.9 - https:\/\/yoast.com\/wordpress\/plugins\/seo\/ -->\n<title>Not\u00edcias - Woolley<\/title>\n<meta name=\"description\" content=\"Not\u00edcias\" \/>\n<meta name=\"robots\" content=\"index, follow, max-snippet:-1, max-image-preview:large, max-video-preview:-1\" \/>\n<link rel=\"canonical\" href=\"https:\/\/www.wo-olley.com\/pt-br\/noticias\/\" \/>\n<meta property=\"og:locale\" content=\"pt_BR\" \/>\n<meta property=\"og:type\" content=\"article\" \/>\n<meta property=\"og:title\" content=\"Not\u00edcias - Woolley\" \/>\n<meta property=\"og:description\" content=\"Not\u00edcias\" \/>\n<meta property=\"og:url\" content=\"https:\/\/www.wo-olley.com\/pt-br\/noticias\/\" \/>\n<meta property=\"og:site_name\" content=\"Woolley\" \/>\n<meta property=\"article:modified_time\" content=\"2024-06-16T08:42:12+00:00\" \/>\n<meta name=\"twitter:card\" content=\"summary_large_image\" \/>\n<script type=\"application\/ld+json\" class=\"yoast-schema-graph\">{\"@context\":\"https:\/\/schema.org\",\"@graph\":[{\"@type\":\"WebPage\",\"@id\":\"https:\/\/www.wo-olley.com\/pt-br\/noticias\/\",\"url\":\"https:\/\/www.wo-olley.com\/pt-br\/noticias\/\",\"name\":\"Not\u00edcias - Woolley\",\"isPartOf\":{\"@id\":\"https:\/\/www.wo-olley.com\/pt-br\/#website\"},\"datePublished\":\"2020-12-14T00:23:14+00:00\",\"dateModified\":\"2024-06-16T08:42:12+00:00\",\"description\":\"Not\u00edcias\",\"breadcrumb\":{\"@id\":\"https:\/\/www.wo-olley.com\/pt-br\/noticias\/#breadcrumb\"},\"inLanguage\":\"pt-BR\",\"potentialAction\":[{\"@type\":\"ReadAction\",\"target\":[\"https:\/\/www.wo-olley.com\/pt-br\/noticias\/\"]}]},{\"@type\":\"BreadcrumbList\",\"@id\":\"https:\/\/www.wo-olley.com\/pt-br\/noticias\/#breadcrumb\",\"itemListElement\":[{\"@type\":\"ListItem\",\"position\":1,\"name\":\"\u9996\u9875\",\"item\":\"https:\/\/www.wo-olley.com\/pt-br\/woolley-maquinas-automaticas-ltd\/\"},{\"@type\":\"ListItem\",\"position\":2,\"name\":\"Not\u00edcias\"}]},{\"@type\":\"WebSite\",\"@id\":\"https:\/\/www.wo-olley.com\/pt-br\/#website\",\"url\":\"https:\/\/www.wo-olley.com\/pt-br\/\",\"name\":\"Woolley Automatic Machinery Ltd.(Shanghai)\",\"description\":\"Woolley factory production plastic extruder machine - laminatied machine - offset printing machine - cosmetic soft tube heading injection machine - screen printing machine -  filling machine and sealing machine product line supplier\",\"publisher\":{\"@id\":\"https:\/\/www.wo-olley.com\/pt-br\/#organization\"},\"potentialAction\":[{\"@type\":\"SearchAction\",\"target\":{\"@type\":\"EntryPoint\",\"urlTemplate\":\"https:\/\/www.wo-olley.com\/pt-br\/?s={search_term_string}\"},\"query-input\":{\"@type\":\"PropertyValueSpecification\",\"valueRequired\":true,\"valueName\":\"search_term_string\"}}],\"inLanguage\":\"pt-BR\"},{\"@type\":\"Organization\",\"@id\":\"https:\/\/www.wo-olley.com\/pt-br\/#organization\",\"name\":\"Woolley Automatic Machinery Ltd.(Shanghai)\",\"url\":\"https:\/\/www.wo-olley.com\/pt-br\/\",\"logo\":{\"@type\":\"ImageObject\",\"inLanguage\":\"pt-BR\",\"@id\":\"https:\/\/www.wo-olley.com\/pt-br\/#\/schema\/logo\/image\/\",\"url\":\"https:\/\/www.wo-olley.com\/wp-content\/uploads\/2021\/05\/LOGO.png\",\"contentUrl\":\"https:\/\/www.wo-olley.com\/wp-content\/uploads\/2021\/05\/LOGO.png\",\"width\":921,\"height\":271,\"caption\":\"Woolley Automatic Machinery Ltd.(Shanghai)\"},\"image\":{\"@id\":\"https:\/\/www.wo-olley.com\/pt-br\/#\/schema\/logo\/image\/\"},\"sameAs\":[\"https:\/\/www.youtube.com\/channel\/UCuxOp7sBrW5pIxuGQbA0NpQ\"]}]}<\/script>\n<!-- \/ Yoast SEO plugin. -->","yoast_head_json":{"title":"Not\u00edcias - Woolley","description":"Not\u00edcias","robots":{"index":"index","follow":"follow","max-snippet":"max-snippet:-1","max-image-preview":"max-image-preview:large","max-video-preview":"max-video-preview:-1"},"canonical":"https:\/\/www.wo-olley.com\/pt-br\/noticias\/","og_locale":"pt_BR","og_type":"article","og_title":"Not\u00edcias - Woolley","og_description":"Not\u00edcias","og_url":"https:\/\/www.wo-olley.com\/pt-br\/noticias\/","og_site_name":"Woolley","article_modified_time":"2024-06-16T08:42:12+00:00","twitter_card":"summary_large_image","schema":{"@context":"https:\/\/schema.org","@graph":[{"@type":"WebPage","@id":"https:\/\/www.wo-olley.com\/pt-br\/noticias\/","url":"https:\/\/www.wo-olley.com\/pt-br\/noticias\/","name":"Not\u00edcias - Woolley","isPartOf":{"@id":"https:\/\/www.wo-olley.com\/pt-br\/#website"},"datePublished":"2020-12-14T00:23:14+00:00","dateModified":"2024-06-16T08:42:12+00:00","description":"Not\u00edcias","breadcrumb":{"@id":"https:\/\/www.wo-olley.com\/pt-br\/noticias\/#breadcrumb"},"inLanguage":"pt-BR","potentialAction":[{"@type":"ReadAction","target":["https:\/\/www.wo-olley.com\/pt-br\/noticias\/"]}]},{"@type":"BreadcrumbList","@id":"https:\/\/www.wo-olley.com\/pt-br\/noticias\/#breadcrumb","itemListElement":[{"@type":"ListItem","position":1,"name":"\u9996\u9875","item":"https:\/\/www.wo-olley.com\/pt-br\/woolley-maquinas-automaticas-ltd\/"},{"@type":"ListItem","position":2,"name":"Not\u00edcias"}]},{"@type":"WebSite","@id":"https:\/\/www.wo-olley.com\/pt-br\/#website","url":"https:\/\/www.wo-olley.com\/pt-br\/","name":"Woolley Automatic Machinery Ltd.(Shanghai)","description":"Woolley factory production plastic extruder machine - laminatied machine - offset printing machine - cosmetic soft tube heading injection machine - screen printing machine -  filling machine and sealing machine product line supplier","publisher":{"@id":"https:\/\/www.wo-olley.com\/pt-br\/#organization"},"potentialAction":[{"@type":"SearchAction","target":{"@type":"EntryPoint","urlTemplate":"https:\/\/www.wo-olley.com\/pt-br\/?s={search_term_string}"},"query-input":{"@type":"PropertyValueSpecification","valueRequired":true,"valueName":"search_term_string"}}],"inLanguage":"pt-BR"},{"@type":"Organization","@id":"https:\/\/www.wo-olley.com\/pt-br\/#organization","name":"Woolley Automatic Machinery Ltd.(Shanghai)","url":"https:\/\/www.wo-olley.com\/pt-br\/","logo":{"@type":"ImageObject","inLanguage":"pt-BR","@id":"https:\/\/www.wo-olley.com\/pt-br\/#\/schema\/logo\/image\/","url":"https:\/\/www.wo-olley.com\/wp-content\/uploads\/2021\/05\/LOGO.png","contentUrl":"https:\/\/www.wo-olley.com\/wp-content\/uploads\/2021\/05\/LOGO.png","width":921,"height":271,"caption":"Woolley Automatic Machinery Ltd.(Shanghai)"},"image":{"@id":"https:\/\/www.wo-olley.com\/pt-br\/#\/schema\/logo\/image\/"},"sameAs":["https:\/\/www.youtube.com\/channel\/UCuxOp7sBrW5pIxuGQbA0NpQ"]}]}},"_links":{"self":[{"href":"https:\/\/www.wo-olley.com\/pt-br\/wp-json\/wp\/v2\/pages\/13685","targetHints":{"allow":["GET"]}}],"collection":[{"href":"https:\/\/www.wo-olley.com\/pt-br\/wp-json\/wp\/v2\/pages"}],"about":[{"href":"https:\/\/www.wo-olley.com\/pt-br\/wp-json\/wp\/v2\/types\/page"}],"author":[{"embeddable":true,"href":"https:\/\/www.wo-olley.com\/pt-br\/wp-json\/wp\/v2\/users\/1"}],"replies":[{"embeddable":true,"href":"https:\/\/www.wo-olley.com\/pt-br\/wp-json\/wp\/v2\/comments?post=13685"}],"version-history":[{"count":0,"href":"https:\/\/www.wo-olley.com\/pt-br\/wp-json\/wp\/v2\/pages\/13685\/revisions"}],"wp:attachment":[{"href":"https:\/\/www.wo-olley.com\/pt-br\/wp-json\/wp\/v2\/media?parent=13685"}],"curies":[{"name":"wp","href":"https:\/\/api.w.org\/{rel}","templated":true}]}}